{"id":661,"date":"2026-03-26T09:09:38","date_gmt":"2026-03-26T08:09:38","guid":{"rendered":"https:\/\/3x3hub.de\/?page_id=661"},"modified":"2026-03-26T09:10:15","modified_gmt":"2026-03-26T08:10:15","slug":"impressum","status":"publish","type":"page","link":"https:\/\/3x3hub.de\/en\/impressum\/","title":{"rendered":"Impressum"},"content":{"rendered":"<div class=\"fusion-fullwidth fullwidth-box fusion-builder-row-1 fusion-flex-container nonhundred-percent-fullwidth non-hundred-percent-height-scrolling\" style=\"--awb-border-radius-top-left:0px;--awb-border-radius-top-right:0px;--awb-border-radius-bottom-right:0px;--awb-border-radius-bottom-left:0px;--awb-flex-wrap:wrap;\" ><div class=\"fusion-builder-row fusion-row fusion-flex-align-items-flex-start fusion-flex-content-wrap\" style=\"max-width:calc( 1200px + 0px );margin-left: calc(-0px \/ 2 );margin-right: calc(-0px \/ 2 );\"><div class=\"fusion-layout-column fusion_builder_column fusion-builder-column-0 fusion_builder_column_1_3 1_3 fusion-flex-column\" style=\"--awb-bg-blend:overlay;--awb-bg-size:cover;--awb-width-large:33.333333333333%;--awb-margin-top-large:7%;--awb-spacing-right-large:0px;--awb-margin-bottom-large:3%;--awb-spacing-left-large:0px;--awb-width-medium:33.333333333333%;--awb-spacing-right-medium:0px;--awb-spacing-left-medium:0px;--awb-width-small:100%;--awb-spacing-right-small:0px;--awb-spacing-left-small:0px;\"><div class=\"fusion-column-wrapper fusion-flex-justify-content-flex-start fusion-content-layout-column\"><div class=\"fusion-text fusion-text-1\" style=\"--awb-font-size:16px;\"><p class=\"isSelectedEnd\"><strong style=\"font-family: 'Trim Fat'; font-size: 20px; letter-spacing: 0.1em; line-height: 26px;\" data-fusion-font=\"true\">IMPRESSUM<\/strong><\/p>\n<p class=\"isSelectedEnd\">Angaben gem\u00e4\u00df \u00a7 5 TMG<\/p>\n<p class=\"isSelectedEnd\">Rhein-Ruhr Legacy gGmbH<br \/>\nHafengrenzweg 3<br \/>\n48155 M\u00fcnster<br \/>\nDeutschland<\/p>\n<p class=\"isSelectedEnd\">Telefon: +49 151 60665001<br \/>\nE-Mail: <a href=\"mailto:info@3x3hub.de\">info@3x3hub.de<\/a><br \/>\nWebsite: <a href=\"https:\/\/3x3hub.de\/en\/\">https:\/\/3x3hub.de<\/a><\/p>\n<p class=\"isSelectedEnd\"><strong>Vertreten durch den Gesch\u00e4ftsf\u00fchrer:<\/strong><br \/>\nNiklas B\u00f6rger<\/p>\n<p class=\"isSelectedEnd\"><strong>Verantwortlich f\u00fcr den Inhalt nach \u00a7 18 Abs. 2 MStV:<\/strong><br \/>\nNiklas B\u00f6rger<br \/>\nHafengrenzweg 3<br \/>\n48155 M\u00fcnster<br \/>\nDeutschland<\/p>\n<p class=\"isSelectedEnd\"><strong>EU-Streitschlichtung<\/strong><br \/>\nDie Europ\u00e4ische Kommission stellt eine Plattform zur Online-Streitbeilegung (OS) bereit:<br \/>\n<a href=\"https:\/\/ec.europa.eu\/consumers\/odr\/\">https:\/\/ec.europa.eu\/consumers\/odr\/<\/a><\/p>\n<p class=\"isSelectedEnd\"><strong>Verbraucherstreitbeilegung<\/strong><br \/>\nWir sind nicht bereit oder verpflichtet, an Streitbeilegungsverfahren vor einer Verbraucherschlichtungsstelle teilzunehmen.<\/p>\n<p class=\"isSelectedEnd\"><strong>Haftung f\u00fcr Inhalte<\/strong><br \/>\nAls Diensteanbieter sind wir gem\u00e4\u00df \u00a7 7 Abs.1 TMG f\u00fcr eigene Inhalte auf diesen Seiten nach den allgemeinen Gesetzen verantwortlich.<\/p>\n<p class=\"isSelectedEnd\"><strong>Haftung f\u00fcr Links<\/strong><br \/>\nUnsere Website enth\u00e4lt Links zu externen Websites Dritter, auf deren Inhalte wir keinen Einfluss haben. F\u00fcr diese fremden Inhalte \u00fcbernehmen wir keine Gew\u00e4hr.<\/p>\n<p class=\"isSelectedEnd\"><strong>Urheberrecht<\/strong><br \/>\nDie durch die Seitenbetreiber erstellten Inhalte und Werke auf dieser Website unterliegen dem deutschen Urheberrecht.<\/p>\n<p><strong>Bildnachweise<\/strong><br \/>\n\u00a9 Niklas B\u00f6rger<\/p>\n<\/div><\/div><\/div><\/div><\/div>","protected":false},"excerpt":{"rendered":"","protected":false},"author":2,"featured_media":0,"parent":0,"menu_order":0,"comment_status":"closed","ping_status":"open","template":"100-width.php","meta":{"footnotes":""},"class_list":["post-661","page","type-page","status-publish","hentry"],"_links":{"self":[{"href":"https:\/\/3x3hub.de\/en\/wp-json\/wp\/v2\/pages\/661","targetHints":{"allow":["GET"]}}],"collection":[{"href":"https:\/\/3x3hub.de\/en\/wp-json\/wp\/v2\/pages"}],"about":[{"href":"https:\/\/3x3hub.de\/en\/wp-json\/wp\/v2\/types\/page"}],"author":[{"embeddable":true,"href":"https:\/\/3x3hub.de\/en\/wp-json\/wp\/v2\/users\/2"}],"replies":[{"embeddable":true,"href":"https:\/\/3x3hub.de\/en\/wp-json\/wp\/v2\/comments?post=661"}],"version-history":[{"count":2,"href":"https:\/\/3x3hub.de\/en\/wp-json\/wp\/v2\/pages\/661\/revisions"}],"predecessor-version":[{"id":728,"href":"https:\/\/3x3hub.de\/en\/wp-json\/wp\/v2\/pages\/661\/revisions\/728"}],"wp:attachment":[{"href":"https:\/\/3x3hub.de\/en\/wp-json\/wp\/v2\/media?parent=661"}],"curies":[{"name":"wp","href":"https:\/\/api.w.org\/{rel}","templated":true}]}}